{"id":284,"date":"2025-04-08T19:16:32","date_gmt":"2025-04-08T17:16:32","guid":{"rendered":"https:\/\/domwpunkt.pl\/?page_id=284"},"modified":"2025-04-29T14:57:53","modified_gmt":"2025-04-29T12:57:53","slug":"strona-glowna-2","status":"publish","type":"page","link":"https:\/\/domwpunkt.pl\/","title":{"rendered":"Strona g\u0142\u00f3wna"},"content":{"rendered":"<div class=\"\" style=\"\" >\n    \n    <section class=\"u-clearfix u-image u-shading u-section-2\" id=\"head\" style=\"background-image: linear-gradient(rgba(0, 0, 0, 0.2), rgba(0, 0, 0, 0.2)), url(&quot;https:\/\/domwpunkt.pl\/wp-content\/uploads\/2025\/03\/iStock-1502773704-2048x1152.jpeg&quot;);\">\n      <div class=\"u-clearfix u-sheet u-sheet-1\"><\/div>\n    <\/section>\n    <section class=\"u-clearfix u-section-3\" id=\"budowa\">\n      <div class=\"u-clearfix u-sheet u-valign-bottom-lg u-valign-bottom-sm u-valign-middle-xl u-sheet-1\">\n        <h1 class=\"u-custom-font u-text u-title u-text-1\"> Oferujemy kompleksow\u0105 budow\u0119 dom\u00f3w \njednorodzinnych jako generalny wykonawca.<\/h1>\n        <div class=\"data-layout-selected u-clearfix u-expanded-width u-layout-wrap u-layout-wrap-1\">\n          <div class=\"u-layout\">\n            <div class=\"u-layout-row\">\n              <div class=\"u-container-style u-image u-layout-cell u-size-36 u-image-1\" data-image-width=\"2048\" data-image-height=\"1367\" style=\"background-image: url(&quot;https:\/\/domwpunkt.pl\/wp-content\/uploads\/2025\/03\/iStock-868455154-2048x1367.jpeg&quot;);\">\n                <div class=\"u-container-layout u-valign-bottom-lg u-valign-bottom-md u-valign-bottom-sm u-valign-bottom-xs u-container-layout-1\"><\/div>\n              <\/div>\n              <div class=\"u-container-style u-layout-cell u-size-24 u-layout-cell-2\">\n                <div class=\"u-container-layout u-valign-bottom-xl u-valign-top-lg u-valign-top-md u-valign-top-sm u-container-layout-2\">\n                  <h1 class=\"u-custom-font u-text u-text-default u-title u-text-2\">Budowa<\/h1>\n                  <p class=\"u-custom-font u-text u-text-3\"> Jeste\u015bmy w stanie zbudowa\u0107 ka\u017cdy dom \nzaprojektowany w technologii tradycyjnej. \nJako generalny wykonawca wykonujemy po \nkolei wszystkie etapy od wykopu do stanu \ndeweloperskiego.<br>\n                    <br>Zlecaj\u0105c nam budow\u0119 domu Inwestorzy nie \nmartwi\u0105 si\u0119 kupowaniem materia\u0142\u00f3w, \nzatrudnianiem ekip budowlanych \ni&nbsp;wynajmowaniem sprz\u0119t\u00f3w, bo tym wszystkim \nzajmujemy si\u0119 my.&nbsp;Oferujemy naszym \nKlientom budow\u0119 domu na podstawie \nprzejrzystej umowy, w kt\u00f3re dzielimy realizacj\u0119 \nna kilkana\u015bcie etap\u00f3w. Nie pobieramy zaliczek - rozliczamy si\u0119 z Klientami za ka\u017cdy \nsko\u0144czony i odebrany etap budowy.<br>\n                    <br>Realizacj\u0105 powierzonych nam bud\u00f3w zajmuj\u0105 \nsi\u0119 nasi kierownicy budowy.\n                  <\/p>\n                <\/div>\n              <\/div>\n            <\/div>\n          <\/div>\n        <\/div>\n      <\/div>\n    <\/section>\n    <section class=\"u-clearfix u-section-4\" id=\"wnetrza\">\n      <div class=\"u-clearfix u-sheet u-valign-middle-lg u-sheet-1\">\n        <h1 class=\"u-custom-font u-text u-title u-text-1\">Wyko\u0144czenie wn\u0119trz&nbsp;<\/h1>\n        <div class=\"data-layout-selected u-clearfix u-expanded-width u-gutter-40 u-layout-wrap u-layout-wrap-1\">\n          <div class=\"u-layout\">\n            <div class=\"u-layout-row\">\n              <div class=\"u-size-30\">\n                <div class=\"u-layout-col\">\n                  <div class=\"u-container-align-center u-container-style u-image u-layout-cell u-size-60 u-image-1\" data-image-width=\"964\" data-image-height=\"1178\" style=\"background-image: url(&quot;https:\/\/domwpunkt.pl\/wp-content\/uploads\/2025\/03\/Zrzut-ekranu-2025-03-28-o-21.56.02.png&quot;);\">\n                    <div class=\"u-container-layout u-container-layout-1\"><\/div>\n                  <\/div>\n                <\/div>\n              <\/div>\n              <div class=\"u-size-30\">\n                <div class=\"u-layout-col\">\n                  <div class=\"u-container-align-center u-container-style u-image u-layout-cell u-size-30 u-image-2\" data-image-width=\"1080\" data-image-height=\"1080\" style=\"background-image: url(&quot;https:\/\/domwpunkt.pl\/wp-content\/uploads\/2025\/04\/img-ae3be4b6-0393-4bba-b2c6-d756115747b6-1.jpeg&quot;);\">\n                    <div class=\"u-container-layout u-container-layout-2\"><\/div>\n                  <\/div>\n                  <div class=\"u-container-align-left-xs u-container-style u-layout-cell u-size-30 u-layout-cell-3\">\n                    <div class=\"u-container-layout u-valign-bottom-lg u-valign-bottom-md u-valign-bottom-sm u-valign-bottom-xl u-container-layout-3\">\n                      <p class=\"u-align-left-xs u-custom-font u-text u-text-default-lg u-text-default-md u-text-default-sm u-text-default-xl u-text-2\">Zadbamy o kompleksowe wyko\u0144czenie Twojego wn\u0119trza.&nbsp;Nasza oferta obejmuje \nprzygotowanie projektu&nbsp;i uk\u0142adu funkcjonalnego dopasowanego&nbsp;do Twoich potrzeb oraz \nkompleksowe wykonanie prac aran\u017cacyjnych, w tym zam\u00f3wienie materia\u0142\u00f3w, sprz\u0119t\u00f3w \ni&nbsp;wykonanie mebli na wymiar. Pracujemy wed\u0142ug przyj\u0119tego wcze\u015bniej harmonogramu, \na&nbsp;nad&nbsp;przebiegiem prac czuwa nasz koordynator\u200b.<\/p>\n                    <\/div>\n                  <\/div>\n                <\/div>\n              <\/div>\n            <\/div>\n          <\/div>\n        <\/div>\n      <\/div>\n    <\/section>\n    <section class=\"skrollable u-clearfix u-hidden-md u-hidden-sm u-hidden-xs u-image u-parallax u-section-5\" id=\"block-4\" style=\"background-image: url(&quot;https:\/\/domwpunkt.pl\/wp-content\/uploads\/2025\/03\/iStock-1152249305-2048x1365.jpeg&quot;);\">\n      <div class=\"u-clearfix u-sheet u-sheet-1\"><\/div>\n    <\/section>\n    <section class=\"u-clearfix u-section-6\" id=\"onas\">\n      <div class=\"u-clearfix u-sheet u-valign-middle-lg u-sheet-1\">\n        <div class=\"data-layout-selected u-clearfix u-expanded-width u-gutter-42 u-layout-wrap u-layout-wrap-1\">\n          <div class=\"u-layout\">\n            <div class=\"u-layout-row\">\n              <div class=\"u-container-align-center u-container-style u-image u-layout-cell u-size-30 u-image-1\" data-image-width=\"1080\" data-image-height=\"1080\" style=\"background-image: url(&quot;https:\/\/domwpunkt.pl\/wp-content\/uploads\/2025\/04\/img-fb4768e6-2d54-4a21-a201-2a74e4d28c53-3.jpeg&quot;);\">\n                <div class=\"u-container-layout u-container-layout-1\"><\/div>\n              <\/div>\n              <div class=\"u-container-style u-layout-cell u-size-30 u-layout-cell-2\">\n                <div class=\"u-container-layout u-valign-bottom-xs u-container-layout-2\">\n                  <h1 class=\"u-custom-font u-text u-text-default u-title u-text-1\">O nas<br>\n                  <\/h1>\n                  <p class=\"u-custom-font u-text u-text-2\"> Dom w Punkt to firma powsta\u0142a z pasji do budownictwa. Jeste\u015bmy \nzgranym zespo\u0142em in\u017cynier\u00f3w z do\u015bwiadczeniem w budownictwie\n jednorodzinnym oraz aran\u017cacji wn\u0119trz.&nbsp;<br>\n                    <br>Gwarantujemy, \u017ce Tw\u00f3j dom i wn\u0119trze wykonamy solidnie, zgodnie \nz&nbsp;harmonogramem oraz bud\u017cetem. Dbamy o naszych Klient\u00f3w,\n budujemy dla Was tak jak budowaliby\u015bmy dla siebie, naszej rodziny<br>i przyjaci\u00f3\u0142.\n                  <\/p>\n                <\/div>\n              <\/div>\n            <\/div>\n          <\/div>\n        <\/div>\n      <\/div>\n    <\/section>\n    <section class=\"u-clearfix u-white u-section-7\" id=\"kontakt\">\n      <div class=\"u-clearfix u-sheet u-valign-middle u-sheet-1\">\n        <div class=\"data-layout-selected u-clearfix u-expanded-width u-layout-wrap u-layout-wrap-1\">\n          <div class=\"u-layout\">\n            <div class=\"u-layout-row\">\n              <div class=\"u-container-style u-layout-cell u-size-30 u-layout-cell-1\">\n                <div class=\"u-container-layout u-valign-top-lg u-valign-top-md u-valign-top-sm u-container-layout-1\">\n                  <h1 class=\"u-custom-font u-text u-text-default-lg u-text-default-md u-text-default-sm u-text-default-xl u-title u-text-1\"> Skontaktuj si\u0119 z nami!<\/h1>\n                <\/div>\n              <\/div>\n              <div class=\"u-container-style u-layout-cell u-size-30 u-layout-cell-2\">\n                <div class=\"u-container-layout u-valign-top-lg u-valign-top-sm u-container-layout-2\">\n                  <h1 class=\"u-custom-font u-text u-text-default u-title u-text-2\">Adres<\/h1>\n                  <h1 class=\"u-custom-font u-text u-text-default u-title u-text-3\">Kontakt<br>\n                  <\/h1>\n                  <p class=\"u-custom-font u-text u-text-default-lg u-text-default-xl u-text-4\"><span class=\"u-icon u-text-black u-icon-1\"><svg class=\"u-svg-content\" viewBox=\"0 0 54.757 54.757\" x=\"0px\" y=\"0px\" style=\"width: 1em; height: 1em;\"><path d=\"M40.94,5.617C37.318,1.995,32.502,0,27.38,0c-5.123,0-9.938,1.995-13.56,5.617c-6.703,6.702-7.536,19.312-1.804,26.952\n\tL27.38,54.757L42.721,32.6C48.476,24.929,47.643,12.319,40.94,5.617z M27.557,26c-3.859,0-7-3.141-7-7s3.141-7,7-7s7,3.141,7,7\n\tS31.416,26,27.557,26z\"><\/path><\/svg><\/span>&nbsp;\u200b Warszawski \u015awit 12\/114&nbsp;<br>&nbsp; &nbsp; &nbsp; &nbsp; &nbsp; 03-368 Warszawa<br>&nbsp; &nbsp; &nbsp; &nbsp; &nbsp;&nbsp;<br>&nbsp; &nbsp; &nbsp; &nbsp; &nbsp; NIP: 845 189 73 09\n                  <\/p>\n                  <p class=\"u-custom-font u-text u-text-default u-text-5\">\n                    <a class=\"u-btn u-button-link u-button-style u-text-body-color u-btn-1\" href=\"mailto:kontakt@domwpunkt.pl?subject=Wiadomo\u015b\u0107 z domwpunkt.pl\"><span class=\"u-file-icon u-icon u-icon-2\"><img decoding=\"async\" src=\"https:\/\/domwpunkt.pl\/wp-content\/uploads\/2025\/04\/542689.png\" alt=\"\"><\/span> kontakt@domwpunkt.pl \n                    <\/a>\n                  <\/p>\n                  <a href=\"tel:+48\u200b793007738\" class=\"u-btn u-btn-rectangle u-button-style u-custom-font u-btn-2\"><span class=\"u-icon u-icon-3\"><svg class=\"u-svg-content\" viewBox=\"0 0 405.333 405.333\" x=\"0px\" y=\"0px\" style=\"width: 1em; height: 1em;\"><path d=\"M373.333,266.88c-25.003,0-49.493-3.904-72.704-11.563c-11.328-3.904-24.192-0.896-31.637,6.699l-46.016,34.752    c-52.8-28.181-86.592-61.952-114.389-114.368l33.813-44.928c8.512-8.512,11.563-20.971,7.915-32.64    C142.592,81.472,138.667,56.96,138.667,32c0-17.643-14.357-32-32-32H32C14.357,0,0,14.357,0,32    c0,205.845,167.488,373.333,373.333,373.333c17.643,0,32-14.357,32-32V298.88C405.333,281.237,390.976,266.88,373.333,266.88z\"><\/path><\/svg><\/span>&nbsp;+48 \u200b793 007 738\n                  <\/a>\n                <\/div>\n              <\/div>\n            <\/div>\n          <\/div>\n        <\/div>\n      <\/div>\n    <\/section>\n    \n    \n    \n    \n  \n<\/div>","protected":false},"excerpt":{"rendered":"<p>Oferujemy kompleksow\u0105 budow\u0119 dom\u00f3w jednorodzinnych jako generalny wykonawca. Budowa Jeste\u015bmy w stanie zbudowa\u0107 ka\u017cdy dom zaprojektowany w technologii tradycyjnej. Jako generalny wykonawca wykonujemy po kolei wszystkie etapy od wykopu do stanu deweloperskiego. Zlecaj\u0105c nam budow\u0119 domu Inwestorzy nie martwi\u0105 si\u0119 kupowaniem materia\u0142\u00f3w, zatrudnianiem ekip budowlanych i&nbsp;wynajmowaniem sprz\u0119t\u00f3w, bo tym wszystkim zajmujemy si\u0119 my.&nbsp;Oferujemy naszym Klientom [&hellip;]<\/p>\n","protected":false},"author":1,"featured_media":0,"parent":0,"menu_order":0,"comment_status":"closed","ping_status":"closed","template":"","meta":{"footnotes":""},"class_list":["post-284","page","type-page","status-publish","hentry"],"_links":{"self":[{"href":"https:\/\/domwpunkt.pl\/index.php?rest_route=\/wp\/v2\/pages\/284","targetHints":{"allow":["GET"]}}],"collection":[{"href":"https:\/\/domwpunkt.pl\/index.php?rest_route=\/wp\/v2\/pages"}],"about":[{"href":"https:\/\/domwpunkt.pl\/index.php?rest_route=\/wp\/v2\/types\/page"}],"author":[{"embeddable":true,"href":"https:\/\/domwpunkt.pl\/index.php?rest_route=\/wp\/v2\/users\/1"}],"replies":[{"embeddable":true,"href":"https:\/\/domwpunkt.pl\/index.php?rest_route=%2Fwp%2Fv2%2Fcomments&post=284"}],"version-history":[{"count":17,"href":"https:\/\/domwpunkt.pl\/index.php?rest_route=\/wp\/v2\/pages\/284\/revisions"}],"predecessor-version":[{"id":349,"href":"https:\/\/domwpunkt.pl\/index.php?rest_route=\/wp\/v2\/pages\/284\/revisions\/349"}],"wp:attachment":[{"href":"https:\/\/domwpunkt.pl\/index.php?rest_route=%2Fwp%2Fv2%2Fmedia&parent=284"}],"curies":[{"name":"wp","href":"https:\/\/api.w.org\/{rel}","templated":true}]}}